{"id":114,"date":"2023-05-22T15:23:21","date_gmt":"2023-05-22T18:23:21","guid":{"rendered":"https:\/\/clam.org.br\/es\/?page_id=114"},"modified":"2023-05-22T15:39:44","modified_gmt":"2023-05-22T18:39:44","slug":"areas-de-interes","status":"publish","type":"page","link":"https:\/\/clam.org.br\/es\/areas-de-interes\/","title":{"rendered":"\u00c1reas de inter\u00e9s"},"content":{"rendered":"\t\t<div data-elementor-type=\"wp-page\" data-elementor-id=\"114\" class=\"elementor elementor-114\">\n\t\t\t\t\t\t<section class=\"elementor-section elementor-top-section elementor-element elementor-element-bb59096 elementor-section-boxed elementor-section-height-default elementor-section-height-default\" data-id=\"bb59096\" data-element_type=\"section\" data-settings=\"{&quot;background_background&quot;:&quot;classic&quot;}\">\n\t\t\t\t\t\t<div class=\"elementor-container elementor-column-gap-no\">\n\t\t\t\t\t<div class=\"elementor-column elementor-col-100 elementor-top-column elementor-element elementor-element-a945022\" data-id=\"a945022\" data-element_type=\"column\">\n\t\t\t<div class=\"elementor-widget-wrap elementor-element-populated\">\n\t\t\t\t\t\t<div class=\"elementor-element elementor-element-3dc1aef elementor-widget elementor-widget-heading\" data-id=\"3dc1aef\" data-element_type=\"widget\" data-widget_type=\"heading.default\">\n\t\t\t\t<div class=\"elementor-widget-container\">\n\t\t\t\t\t<h1 class=\"elementor-heading-title elementor-size-default\">\u00c1reas de inter\u00e9s<\/h1>\t\t\t\t<\/div>\n\t\t\t\t<\/div>\n\t\t\t\t\t<\/div>\n\t\t<\/div>\n\t\t\t\t\t<\/div>\n\t\t<\/section>\n\t\t\t\t<section class=\"elementor-section elementor-top-section elementor-element elementor-element-d2af6be elementor-section-boxed elementor-section-height-default elementor-section-height-default\" data-id=\"d2af6be\" data-element_type=\"section\" data-settings=\"{&quot;background_background&quot;:&quot;classic&quot;}\">\n\t\t\t\t\t\t<div class=\"elementor-container elementor-column-gap-no\">\n\t\t\t\t\t<div class=\"elementor-column elementor-col-50 elementor-top-column elementor-element elementor-element-994778e\" data-id=\"994778e\" data-element_type=\"column\">\n\t\t\t<div class=\"elementor-widget-wrap elementor-element-populated\">\n\t\t\t\t\t\t<div class=\"elementor-element elementor-element-c148955 elementor-widget elementor-widget-heading\" data-id=\"c148955\" data-element_type=\"widget\" data-widget_type=\"heading.default\">\n\t\t\t\t<div class=\"elementor-widget-container\">\n\t\t\t\t\t<h2 class=\"elementor-heading-title elementor-size-default\">DERECHOS Y POL\u00cdTICAS SEXUALES<\/h2>\t\t\t\t<\/div>\n\t\t\t\t<\/div>\n\t\t\t\t<div class=\"elementor-element elementor-element-b321bce elementor-widget-mobile__width-inherit elementor-widget-divider--view-line elementor-widget elementor-widget-divider\" data-id=\"b321bce\" data-element_type=\"widget\" data-widget_type=\"divider.default\">\n\t\t\t\t<div class=\"elementor-widget-container\">\n\t\t\t\t\t\t\t<div class=\"elementor-divider\">\n\t\t\t<span class=\"elementor-divider-separator\">\n\t\t\t\t\t\t<\/span>\n\t\t<\/div>\n\t\t\t\t\t\t<\/div>\n\t\t\t\t<\/div>\n\t\t\t\t\t<\/div>\n\t\t<\/div>\n\t\t\t\t<div class=\"elementor-column elementor-col-50 elementor-top-column elementor-element elementor-element-5fb1e9d\" data-id=\"5fb1e9d\" data-element_type=\"column\">\n\t\t\t<div class=\"elementor-widget-wrap elementor-element-populated\">\n\t\t\t\t\t\t<div class=\"elementor-element elementor-element-77c89cf elementor-widget elementor-widget-text-editor\" data-id=\"77c89cf\" data-element_type=\"widget\" data-widget_type=\"text-editor.default\">\n\t\t\t\t<div class=\"elementor-widget-container\">\n\t\t\t\t\t\t\t\t\t<p>Reflexionar sobre los derechos sexuales, examinando su derivaci\u00f3n en la idea de salud sexual;<\/p><p>Debatir intersecciones y particularidades entre las nociones de derechos sexuales y derechos reproductivos;<\/p><p>Considerar cr\u00edticamente los diversos discursos existentes sobre los derechos humanos y sexuales en las sociedades latinoamericanas, focalizando temas como aborto, derecho civil de los homosexuales, de las personas que viven con VIH\/Sida y de los profesionales del sexo.<\/p>\t\t\t\t\t\t\t\t<\/div>\n\t\t\t\t<\/div>\n\t\t\t\t\t<\/div>\n\t\t<\/div>\n\t\t\t\t\t<\/div>\n\t\t<\/section>\n\t\t\t\t<section class=\"elementor-section elementor-top-section elementor-element elementor-element-90286e2 elementor-section-boxed elementor-section-height-default elementor-section-height-default\" data-id=\"90286e2\" data-element_type=\"section\" data-settings=\"{&quot;background_background&quot;:&quot;classic&quot;}\">\n\t\t\t\t\t\t<div class=\"elementor-container elementor-column-gap-no\">\n\t\t\t\t\t<div class=\"elementor-column elementor-col-50 elementor-top-column elementor-element elementor-element-c467a0a\" data-id=\"c467a0a\" data-element_type=\"column\">\n\t\t\t<div class=\"elementor-widget-wrap elementor-element-populated\">\n\t\t\t\t\t\t<div class=\"elementor-element elementor-element-1f0fe3c elementor-widget elementor-widget-heading\" data-id=\"1f0fe3c\" data-element_type=\"widget\" data-widget_type=\"heading.default\">\n\t\t\t\t<div class=\"elementor-widget-container\">\n\t\t\t\t\t<h2 class=\"elementor-heading-title elementor-size-default\">CULTURA Y COMPORTAMIENTOS SEXUALES<\/h2>\t\t\t\t<\/div>\n\t\t\t\t<\/div>\n\t\t\t\t<div class=\"elementor-element elementor-element-eefc59f elementor-widget-mobile__width-inherit elementor-widget-divider--view-line elementor-widget elementor-widget-divider\" data-id=\"eefc59f\" data-element_type=\"widget\" data-widget_type=\"divider.default\">\n\t\t\t\t<div class=\"elementor-widget-container\">\n\t\t\t\t\t\t\t<div class=\"elementor-divider\">\n\t\t\t<span class=\"elementor-divider-separator\">\n\t\t\t\t\t\t<\/span>\n\t\t<\/div>\n\t\t\t\t\t\t<\/div>\n\t\t\t\t<\/div>\n\t\t\t\t\t<\/div>\n\t\t<\/div>\n\t\t\t\t<div class=\"elementor-column elementor-col-50 elementor-top-column elementor-element elementor-element-3779db0\" data-id=\"3779db0\" data-element_type=\"column\">\n\t\t\t<div class=\"elementor-widget-wrap elementor-element-populated\">\n\t\t\t\t\t\t<div class=\"elementor-element elementor-element-4f89bd5 elementor-widget elementor-widget-text-editor\" data-id=\"4f89bd5\" data-element_type=\"widget\" data-widget_type=\"text-editor.default\">\n\t\t\t\t<div class=\"elementor-widget-container\">\n\t\t\t\t\t\t\t\t\t<p>Investigar pr\u00e1cticas culturales relativas a la sexualidad, conyugalidad y parentesco, considerando las diferencias de raza, clase y g\u00e9nero;<\/p><p>Promover investigaciones y debates sobre representaciones y pr\u00e1cticas sexuales en diferentes etapas de la vida, con especial \u00e9nfasis en la adolescencia;<\/p><p>Discutir los imperativos culturales que establecen el cuerpo sexualmente potente como una norma y considerar sus posibles articulaciones con los medios de comunicaci\u00f3n, el consumo y la industria farmac\u00e9utica.<\/p>\t\t\t\t\t\t\t\t<\/div>\n\t\t\t\t<\/div>\n\t\t\t\t\t<\/div>\n\t\t<\/div>\n\t\t\t\t\t<\/div>\n\t\t<\/section>\n\t\t\t\t<section class=\"elementor-section elementor-top-section elementor-element elementor-element-64f889c elementor-section-boxed elementor-section-height-default elementor-section-height-default\" data-id=\"64f889c\" data-element_type=\"section\" data-settings=\"{&quot;background_background&quot;:&quot;classic&quot;}\">\n\t\t\t\t\t\t<div class=\"elementor-container elementor-column-gap-no\">\n\t\t\t\t\t<div class=\"elementor-column elementor-col-50 elementor-top-column elementor-element elementor-element-182bd5b\" data-id=\"182bd5b\" data-element_type=\"column\">\n\t\t\t<div class=\"elementor-widget-wrap elementor-element-populated\">\n\t\t\t\t\t\t<div class=\"elementor-element elementor-element-d44abd7 elementor-widget elementor-widget-heading\" data-id=\"d44abd7\" data-element_type=\"widget\" data-widget_type=\"heading.default\">\n\t\t\t\t<div class=\"elementor-widget-container\">\n\t\t\t\t\t<h2 class=\"elementor-heading-title elementor-size-default\">SABERES SOBRE SEXUALIDAD<\/h2>\t\t\t\t<\/div>\n\t\t\t\t<\/div>\n\t\t\t\t<div class=\"elementor-element elementor-element-d8edbc5 elementor-widget-mobile__width-inherit elementor-widget-divider--view-line elementor-widget elementor-widget-divider\" data-id=\"d8edbc5\" data-element_type=\"widget\" data-widget_type=\"divider.default\">\n\t\t\t\t<div class=\"elementor-widget-container\">\n\t\t\t\t\t\t\t<div class=\"elementor-divider\">\n\t\t\t<span class=\"elementor-divider-separator\">\n\t\t\t\t\t\t<\/span>\n\t\t<\/div>\n\t\t\t\t\t\t<\/div>\n\t\t\t\t<\/div>\n\t\t\t\t\t<\/div>\n\t\t<\/div>\n\t\t\t\t<div class=\"elementor-column elementor-col-50 elementor-top-column elementor-element elementor-element-c9accb5\" data-id=\"c9accb5\" data-element_type=\"column\">\n\t\t\t<div class=\"elementor-widget-wrap elementor-element-populated\">\n\t\t\t\t\t\t<div class=\"elementor-element elementor-element-22fb3b0 elementor-widget elementor-widget-text-editor\" data-id=\"22fb3b0\" data-element_type=\"widget\" data-widget_type=\"text-editor.default\">\n\t\t\t\t<div class=\"elementor-widget-container\">\n\t\t\t\t\t\t\t\t\t<p>Analizar cr\u00edticamente, bajo la perspectiva de la sociolog\u00eda y de los derechos humanos, las teor\u00edas y pr\u00e1cticas cient\u00edficas que tradicionalmente consideran el sexo como objeto de investigaci\u00f3n e intervenci\u00f3n (sexolog\u00eda, ginecolog\u00eda, psiquiatr\u00eda, entre otras);<\/p><p>Debatir el tema de la salud sexual desde el punto de vista de las estructuras sociales, econ\u00f3micas y del derecho, desplazando la discusi\u00f3n sobre sexualidad desde la esfera privada hacia su regulaci\u00f3n p\u00fablica;<\/p><p>Hacer visible los saberes alternativos o minoritarios sobre sexualidad.<\/p>\t\t\t\t\t\t\t\t<\/div>\n\t\t\t\t<\/div>\n\t\t\t\t\t<\/div>\n\t\t<\/div>\n\t\t\t\t\t<\/div>\n\t\t<\/section>\n\t\t\t\t<\/div>\n\t\t","protected":false},"excerpt":{"rendered":"<p>\u00c1reas de inter\u00e9s DERECHOS Y POL\u00cdTICAS SEXUALES Reflexionar sobre los derechos sexuales, examinando su derivaci\u00f3n en la idea de salud sexual; Debatir intersecciones y particularidades entre las nociones de derechos sexuales y derechos reproductivos; Considerar cr\u00edticamente los diversos discursos existentes sobre los derechos humanos y sexuales en las sociedades latinoamericanas, focalizando temas como aborto, derecho civil de los homosexuales, de las personas que viven con VIH\/Sida y de los profesionales del sexo. CULTURA Y COMPORTAMIENTOS &hellip;<\/p>\n<p class=\"read-more\"> <a class=\"\" href=\"https:\/\/clam.org.br\/es\/areas-de-interes\/\"> <span class=\"screen-reader-text\">\u00c1reas de inter\u00e9s<\/span> Leer m\u00e1s &raquo;<\/a><\/p>\n","protected":false},"author":1,"featured_media":0,"parent":0,"menu_order":0,"comment_status":"closed","ping_status":"closed","template":"elementor_header_footer","meta":{"_acf_changed":false,"site-sidebar-layout":"no-sidebar","site-content-layout":"page-builder","ast-global-header-display":"","ast-main-header-display":"","ast-hfb-above-header-display":"","ast-hfb-below-header-display":"","ast-hfb-mobile-header-display":"","site-post-title":"disabled","ast-breadcrumbs-content":"","ast-featured-img":"disabled","footer-sml-layout":"","theme-transparent-header-meta":"","adv-header-id-meta":"","stick-header-meta":"","header-above-stick-meta":"","header-main-stick-meta":"","header-below-stick-meta":"","footnotes":""},"class_list":["post-114","page","type-page","status-publish","hentry"],"acf":[],"yoast_head":"<!-- This site is optimized with the Yoast SEO plugin v26.1.1 - https:\/\/yoast.com\/wordpress\/plugins\/seo\/ -->\n<title>\u00c1reas de inter\u00e9s - CLAM - ES<\/title>\n<meta name=\"robots\" content=\"index, follow, max-snippet:-1, max-image-preview:large, max-video-preview:-1\" \/>\n<link rel=\"canonical\" href=\"https:\/\/clam.org.br\/es\/areas-de-interes\/\" \/>\n<meta property=\"og:locale\" content=\"es_ES\" \/>\n<meta property=\"og:type\" content=\"article\" \/>\n<meta property=\"og:title\" content=\"\u00c1reas de inter\u00e9s - CLAM - ES\" \/>\n<meta property=\"og:description\" content=\"\u00c1reas de inter\u00e9s DERECHOS Y POL\u00cdTICAS SEXUALES Reflexionar sobre los derechos sexuales, examinando su derivaci\u00f3n en la idea de salud sexual; Debatir intersecciones y particularidades entre las nociones de derechos sexuales y derechos reproductivos; Considerar cr\u00edticamente los diversos discursos existentes sobre los derechos humanos y sexuales en las sociedades latinoamericanas, focalizando temas como aborto, derecho civil de los homosexuales, de las personas que viven con VIH\/Sida y de los profesionales del sexo. CULTURA Y COMPORTAMIENTOS &hellip; \u00c1reas de inter\u00e9s Leer m\u00e1s &raquo;\" \/>\n<meta property=\"og:url\" content=\"https:\/\/clam.org.br\/es\/areas-de-interes\/\" \/>\n<meta property=\"og:site_name\" content=\"CLAM - ES\" \/>\n<meta property=\"article:modified_time\" content=\"2023-05-22T18:39:44+00:00\" \/>\n<meta name=\"twitter:card\" content=\"summary_large_image\" \/>\n<meta name=\"twitter:label1\" content=\"Tiempo de lectura\" \/>\n\t<meta name=\"twitter:data1\" content=\"2 minutos\" \/>\n<script type=\"application\/ld+json\" class=\"yoast-schema-graph\">{\"@context\":\"https:\/\/schema.org\",\"@graph\":[{\"@type\":\"WebPage\",\"@id\":\"https:\/\/clam.org.br\/es\/areas-de-interes\/\",\"url\":\"https:\/\/clam.org.br\/es\/areas-de-interes\/\",\"name\":\"\u00c1reas de inter\u00e9s - CLAM - ES\",\"isPartOf\":{\"@id\":\"https:\/\/clam.org.br\/es\/#website\"},\"datePublished\":\"2023-05-22T18:23:21+00:00\",\"dateModified\":\"2023-05-22T18:39:44+00:00\",\"breadcrumb\":{\"@id\":\"https:\/\/clam.org.br\/es\/areas-de-interes\/#breadcrumb\"},\"inLanguage\":\"es\",\"potentialAction\":[{\"@type\":\"ReadAction\",\"target\":[\"https:\/\/clam.org.br\/es\/areas-de-interes\/\"]}]},{\"@type\":\"BreadcrumbList\",\"@id\":\"https:\/\/clam.org.br\/es\/areas-de-interes\/#breadcrumb\",\"itemListElement\":[{\"@type\":\"ListItem\",\"position\":1,\"name\":\"In\u00edcio\",\"item\":\"https:\/\/clam.org.br\/es\/\"},{\"@type\":\"ListItem\",\"position\":2,\"name\":\"\u00c1reas de inter\u00e9s\"}]},{\"@type\":\"WebSite\",\"@id\":\"https:\/\/clam.org.br\/es\/#website\",\"url\":\"https:\/\/clam.org.br\/es\/\",\"name\":\"CLAM - ES\",\"description\":\"S\u00f3 mais um site CLAM - Centro Latino-Americano em Sexualidade e Direitos Humanos sites\",\"potentialAction\":[{\"@type\":\"SearchAction\",\"target\":{\"@type\":\"EntryPoint\",\"urlTemplate\":\"https:\/\/clam.org.br\/es\/?s={search_term_string}\"},\"query-input\":{\"@type\":\"PropertyValueSpecification\",\"valueRequired\":true,\"valueName\":\"search_term_string\"}}],\"inLanguage\":\"es\"}]}<\/script>\n<!-- \/ Yoast SEO plugin. -->","yoast_head_json":{"title":"\u00c1reas de inter\u00e9s - CLAM - ES","robots":{"index":"index","follow":"follow","max-snippet":"max-snippet:-1","max-image-preview":"max-image-preview:large","max-video-preview":"max-video-preview:-1"},"canonical":"https:\/\/clam.org.br\/es\/areas-de-interes\/","og_locale":"es_ES","og_type":"article","og_title":"\u00c1reas de inter\u00e9s - CLAM - ES","og_description":"\u00c1reas de inter\u00e9s DERECHOS Y POL\u00cdTICAS SEXUALES Reflexionar sobre los derechos sexuales, examinando su derivaci\u00f3n en la idea de salud sexual; Debatir intersecciones y particularidades entre las nociones de derechos sexuales y derechos reproductivos; Considerar cr\u00edticamente los diversos discursos existentes sobre los derechos humanos y sexuales en las sociedades latinoamericanas, focalizando temas como aborto, derecho civil de los homosexuales, de las personas que viven con VIH\/Sida y de los profesionales del sexo. CULTURA Y COMPORTAMIENTOS &hellip; \u00c1reas de inter\u00e9s Leer m\u00e1s &raquo;","og_url":"https:\/\/clam.org.br\/es\/areas-de-interes\/","og_site_name":"CLAM - ES","article_modified_time":"2023-05-22T18:39:44+00:00","twitter_card":"summary_large_image","twitter_misc":{"Tiempo de lectura":"2 minutos"},"schema":{"@context":"https:\/\/schema.org","@graph":[{"@type":"WebPage","@id":"https:\/\/clam.org.br\/es\/areas-de-interes\/","url":"https:\/\/clam.org.br\/es\/areas-de-interes\/","name":"\u00c1reas de inter\u00e9s - CLAM - ES","isPartOf":{"@id":"https:\/\/clam.org.br\/es\/#website"},"datePublished":"2023-05-22T18:23:21+00:00","dateModified":"2023-05-22T18:39:44+00:00","breadcrumb":{"@id":"https:\/\/clam.org.br\/es\/areas-de-interes\/#breadcrumb"},"inLanguage":"es","potentialAction":[{"@type":"ReadAction","target":["https:\/\/clam.org.br\/es\/areas-de-interes\/"]}]},{"@type":"BreadcrumbList","@id":"https:\/\/clam.org.br\/es\/areas-de-interes\/#breadcrumb","itemListElement":[{"@type":"ListItem","position":1,"name":"In\u00edcio","item":"https:\/\/clam.org.br\/es\/"},{"@type":"ListItem","position":2,"name":"\u00c1reas de inter\u00e9s"}]},{"@type":"WebSite","@id":"https:\/\/clam.org.br\/es\/#website","url":"https:\/\/clam.org.br\/es\/","name":"CLAM - ES","description":"S\u00f3 mais um site CLAM - Centro Latino-Americano em Sexualidade e Direitos Humanos sites","potentialAction":[{"@type":"SearchAction","target":{"@type":"EntryPoint","urlTemplate":"https:\/\/clam.org.br\/es\/?s={search_term_string}"},"query-input":{"@type":"PropertyValueSpecification","valueRequired":true,"valueName":"search_term_string"}}],"inLanguage":"es"}]}},"jetpack_sharing_enabled":true,"_links":{"self":[{"href":"https:\/\/clam.org.br\/es\/wp-json\/wp\/v2\/pages\/114","targetHints":{"allow":["GET"]}}],"collection":[{"href":"https:\/\/clam.org.br\/es\/wp-json\/wp\/v2\/pages"}],"about":[{"href":"https:\/\/clam.org.br\/es\/wp-json\/wp\/v2\/types\/page"}],"author":[{"embeddable":true,"href":"https:\/\/clam.org.br\/es\/wp-json\/wp\/v2\/users\/1"}],"replies":[{"embeddable":true,"href":"https:\/\/clam.org.br\/es\/wp-json\/wp\/v2\/comments?post=114"}],"version-history":[{"count":7,"href":"https:\/\/clam.org.br\/es\/wp-json\/wp\/v2\/pages\/114\/revisions"}],"predecessor-version":[{"id":123,"href":"https:\/\/clam.org.br\/es\/wp-json\/wp\/v2\/pages\/114\/revisions\/123"}],"wp:attachment":[{"href":"https:\/\/clam.org.br\/es\/wp-json\/wp\/v2\/media?parent=114"}],"curies":[{"name":"wp","href":"https:\/\/api.w.org\/{rel}","templated":true}]}}