{"id":124,"date":"2023-05-22T15:49:46","date_gmt":"2023-05-22T18:49:46","guid":{"rendered":"https:\/\/clam.org.br\/es\/?page_id=124"},"modified":"2025-11-03T13:52:06","modified_gmt":"2025-11-03T16:52:06","slug":"equipo","status":"publish","type":"page","link":"https:\/\/clam.org.br\/es\/equipo\/","title":{"rendered":"Equipo"},"content":{"rendered":"\t\t<div data-elementor-type=\"wp-page\" data-elementor-id=\"124\" class=\"elementor elementor-124\">\n\t\t\t\t\t\t<section class=\"elementor-section elementor-top-section elementor-element elementor-element-c4eb95c elementor-section-boxed elementor-section-height-default elementor-section-height-default\" data-id=\"c4eb95c\" data-element_type=\"section\">\n\t\t\t\t\t\t<div class=\"elementor-container elementor-column-gap-default\">\n\t\t\t\t\t<div class=\"elementor-column elementor-col-100 elementor-top-column elementor-element elementor-element-6343ba4\" data-id=\"6343ba4\" data-element_type=\"column\">\n\t\t\t<div class=\"elementor-widget-wrap elementor-element-populated\">\n\t\t\t\t\t\t<div class=\"elementor-element elementor-element-8186db9 elementor-widget elementor-widget-heading\" data-id=\"8186db9\" data-element_type=\"widget\" data-widget_type=\"heading.default\">\n\t\t\t\t<div class=\"elementor-widget-container\">\n\t\t\t\t\t<h1 class=\"elementor-heading-title elementor-size-default\">Equipo<\/h1>\t\t\t\t<\/div>\n\t\t\t\t<\/div>\n\t\t\t\t\t<\/div>\n\t\t<\/div>\n\t\t\t\t\t<\/div>\n\t\t<\/section>\n\t\t\t\t<section class=\"elementor-section elementor-top-section elementor-element elementor-element-3ee2fd5 elementor-section-boxed elementor-section-height-default elementor-section-height-default\" data-id=\"3ee2fd5\" data-element_type=\"section\" data-settings=\"{&quot;background_background&quot;:&quot;classic&quot;}\">\n\t\t\t\t\t\t<div class=\"elementor-container elementor-column-gap-default\">\n\t\t\t\t\t<div class=\"elementor-column elementor-col-100 elementor-top-column elementor-element elementor-element-83d4331\" data-id=\"83d4331\" data-element_type=\"column\">\n\t\t\t<div class=\"elementor-widget-wrap\">\n\t\t\t\t\t\t\t<\/div>\n\t\t<\/div>\n\t\t\t\t\t<\/div>\n\t\t<\/section>\n\t\t\t\t<section class=\"elementor-section elementor-top-section elementor-element elementor-element-be7712a elementor-section-full_width elementor-section-height-default elementor-section-height-default\" data-id=\"be7712a\" data-element_type=\"section\" data-settings=\"{&quot;background_background&quot;:&quot;classic&quot;}\">\n\t\t\t\t\t\t<div class=\"elementor-container elementor-column-gap-default\">\n\t\t\t\t\t<div class=\"elementor-column elementor-col-100 elementor-top-column elementor-element elementor-element-d2c54c6\" data-id=\"d2c54c6\" data-element_type=\"column\">\n\t\t\t<div class=\"elementor-widget-wrap elementor-element-populated\">\n\t\t\t\t\t\t<section class=\"elementor-section elementor-inner-section elementor-element elementor-element-a759e18 elementor-section-boxed elementor-section-height-default elementor-section-height-default\" data-id=\"a759e18\" data-element_type=\"section\">\n\t\t\t\t\t\t<div class=\"elementor-container elementor-column-gap-default\">\n\t\t\t\t\t<div class=\"elementor-column elementor-col-33 elementor-inner-column elementor-element elementor-element-ac4b42a\" data-id=\"ac4b42a\" data-element_type=\"column\">\n\t\t\t<div class=\"elementor-widget-wrap elementor-element-populated\">\n\t\t\t\t\t\t<div class=\"elementor-element elementor-element-4a2fcb4 elementor-widget elementor-widget-text-editor\" data-id=\"4a2fcb4\" data-element_type=\"widget\" data-widget_type=\"text-editor.default\">\n\t\t\t\t<div class=\"elementor-widget-container\">\n\t\t\t\t\t\t\t\t\t<h6>Coordena\u00e7\u00e3o general<\/h6>\n<a href=\"https:\/\/clam.org.br\/es\/equipo\/claudia-mora\/25603\/\" target=\"_blank\" rel=\"noopener\">Claudia Mora<\/a>\t\t\t\t\t\t\t\t<\/div>\n\t\t\t\t<\/div>\n\t\t\t\t<div class=\"elementor-element elementor-element-dabab6c elementor-widget elementor-widget-text-editor\" data-id=\"dabab6c\" data-element_type=\"widget\" data-widget_type=\"text-editor.default\">\n\t\t\t\t<div class=\"elementor-widget-container\">\n\t\t\t\t\t\t\t\t\t<h6>Coordena\u00e7\u00e3o ejecutiva<\/h6><p><span style=\"color: #000000\"><a style=\"color: #000000\" href=\"https:\/\/clam.org.br\/es\/equipo\/claudia-mora\/25603\/\">Claudia Mora<\/a><\/span><br \/><span style=\"color: #000000\"><a style=\"color: #000000\" href=\"https:\/\/clam.org.br\/es\/equipo\/horacio-sivori\/25612\/\">Horacio S\u00edvori<\/a><\/span><br \/><span style=\"color: #000000\"><a style=\"color: #000000\" href=\"https:\/\/clam.org.br\/es\/equipo\/laura-lowenkron\/25634\/\">Laura Lowenkron<\/a><\/span><\/p>\t\t\t\t\t\t\t\t<\/div>\n\t\t\t\t<\/div>\n\t\t\t\t<div class=\"elementor-element elementor-element-3215900 elementor-widget elementor-widget-text-editor\" data-id=\"3215900\" data-element_type=\"widget\" data-widget_type=\"text-editor.default\">\n\t\t\t\t<div class=\"elementor-widget-container\">\n\t\t\t\t\t\t\t\t\t<h6>Equipo de Comunicaci\u00f3n<\/h6><p><span style=\"color: #000000\"><a style=\"color: #000000\" href=\"https:\/\/clam.org.br\/es\/equipo\/mc-gama\/25689\/\">Maria Clara Gama<em>\u00a0<\/em><\/a><a style=\"color: #000000\" href=\"https:\/\/clam.org.br\/es\/equipo\/olivia-menchise-2\/25695\/\"><br \/>Emanuel Oliveira (<em>Becaria de Extensi\u00f3n<\/em>)<\/a><a style=\"color: #000000\" href=\"https:\/\/clam.org.br\/es\/equipo\/stefani-silva-2\/26101\/\"><br \/>Rebeca Nogueira Matias<em>\u00a0(Becaria de Extensi\u00f3n)<\/em><\/a><\/span><\/p>\t\t\t\t\t\t\t\t<\/div>\n\t\t\t\t<\/div>\n\t\t\t\t\t<\/div>\n\t\t<\/div>\n\t\t\t\t<div class=\"elementor-column elementor-col-33 elementor-inner-column elementor-element elementor-element-72b8bd1\" data-id=\"72b8bd1\" data-element_type=\"column\">\n\t\t\t<div class=\"elementor-widget-wrap elementor-element-populated\">\n\t\t\t\t\t\t<div class=\"elementor-element elementor-element-4821248 elementor-widget elementor-widget-text-editor\" data-id=\"4821248\" data-element_type=\"widget\" data-widget_type=\"text-editor.default\">\n\t\t\t\t<div class=\"elementor-widget-container\">\n\t\t\t\t\t\t\t\t\t<h6>Investigadores<\/h6><p><span style=\"color: #333333\"><strong><em>Profesores<\/em><\/strong><\/span><br \/><span style=\"color: #000000\"><a style=\"color: #000000\" href=\"https:\/\/clam.org.br\/es\/equipo\/anna-paula-uziel\/25310\/\" target=\"_blank\" rel=\"noopener\">Anna Paula Uziel<\/a><\/span><br \/><span style=\"color: #000000\"><a style=\"color: #000000\" href=\"https:\/\/clam.org.br\/es\/equipo\/claudia-mora\/25603\/\">Claudia Mora<\/a> \u00a0\u00a0 \u00a0\u00a0 \u00a0\u00a0 \u00a0\u00a0 \u00a0\u00a0 \u00a0\u00a0 \u00a0\u00a0 \u00a0\u00a0 \u00a0\u00a0 <a style=\"color: #000000\" href=\"https:\/\/clam.org.br\/es\/equipo\/camila-fernandes-es\/27297\/\">Camila Fernandes<\/a><\/span><br \/><span style=\"color: #000000\"><a style=\"color: #000000\" href=\"https:\/\/clam.org.br\/es\/equipo\/horacio-sivori\/25612\/\">Horacio S\u00edvori<\/a><\/span><br \/><span style=\"color: #000000\"><a style=\"color: #000000\" href=\"https:\/\/clam.org.br\/es\/equipo\/jane-russo\/25625\/\">Jane Russo\u00a0 \u00a0 \u00a0 \u00a0 \u00a0 \u00a0 \u00a0 \u00a0 \u00a0 \u00a0 \u00a0 \u00a0 \u00a0 \u00a0 \u00a0 \u00a0 <\/a><\/span><span style=\"color: #000000\"><a style=\"color: #000000\" href=\"https:\/\/clam.org.br\/es\/equipo\/laura-lowenkron\/25634\/\">Laura Lowenkron\u00a0<\/a><\/span><br \/><span style=\"color: #000000\"><a style=\"color: #000000\" href=\"https:\/\/clam.org.br\/es\/equipo\/marina-nucci-2\/35682\/\">Marina Nucci\u00a0 \u00a0 \u00a0 \u00a0 \u00a0 \u00a0 \u00a0 \u00a0 \u00a0 \u00a0 \u00a0 \u00a0 \u00a0 \u00a0 <\/a><a style=\"color: #000000\" href=\"https:\/\/clam.org.br\/es\/equipo\/martinho-braga-2\/35696\/\">Martinho Braga Silva<\/a><\/span><br \/><span style=\"color: #000000\"><a style=\"color: #000000\" href=\"https:\/\/clam.org.br\/es\/equipo\/paula-lacerda\/25650\/\">Paula Lacerda<\/a><\/span><br \/><span style=\"color: #000000\"><a style=\"color: #000000\" href=\"https:\/\/clam.org.br\/es\/equipo\/rogerio-azize\/25656\/\">Rogerio Azize<\/a><\/span><br \/><span style=\"color: #000000\"><a style=\"color: #000000\" href=\"https:\/\/clam.org.br\/es\/equipo\/rosana-castro\/25663\/\">Rosana Castro<\/a><\/span><br \/><span style=\"color: #000000\"><a style=\"color: #000000\" href=\"https:\/\/clam.org.br\/es\/equipo\/sergio-carrara\/25669\/\">S\u00e9rgio Carrara\u00a0<\/a><br \/><a style=\"color: #000000\" href=\"https:\/\/clam.org.br\/es\/equipo\/ueslei-solaterrar\/25596\/\">Ueslei Solaterrar<\/a><br \/><\/span><\/p>\t\t\t\t\t\t\t\t<\/div>\n\t\t\t\t<\/div>\n\t\t\t\t<div class=\"elementor-element elementor-element-9b87062 elementor-widget elementor-widget-text-editor\" data-id=\"9b87062\" data-element_type=\"widget\" data-widget_type=\"text-editor.default\">\n\t\t\t\t<div class=\"elementor-widget-container\">\n\t\t\t\t\t\t\t\t\t<p><em><strong>Estudiantes<\/strong><\/em><\/p><p><a href=\"https:\/\/clam.org.br\/es\/equipo\/ana-luiza-morais\/36383\/\">Ana Luiza Morais\u00a0 \u00a0 \u00a0 \u00a0 \u00a0 \u00a0 \u00a0 \u00a0 \u00a0 <\/a><a href=\"https:\/\/clam.org.br\/es\/equipo\/carolina-aita-flores\/36349\/\">Carolina Aita Flores \u00a0 \u00a0 \u00a0 \u00a0 \u00a0 \u00a0 <\/a><a href=\"https:\/\/clam.org.br\/es\/equipo\/dandara-pimentel\/36426\/\">Dandara Pimentel\u00a0 \u00a0 \u00a0 \u00a0 \u00a0 \u00a0 \u00a0 \u00a0 \u00a0 \u00a0 \u00a0 <\/a><span style=\"color: #000000\"><a style=\"color: #000000\" href=\"https:\/\/clam.org.br\/es\/equipo\/georgia-pereira\/25552\/\">Ge\u00f3rgia Pereira \u00a0 \u00a0 \u00a0 \u00a0 \u00a0 \u00a0 \u00a0 \u00a0 \u00a0 \u00a0 <\/a><\/span><a href=\"https:\/\/clam.org.br\/es\/equipo\/iohanna-sanches-grammatikopoulos\/36395\/\">Iohanna Sanches<\/a><br \/><span style=\"color: #000000\"><a style=\"color: #000000\" href=\"https:\/\/clam.org.br\/es\/equipo\/juliana-vieira\/25708\/\">Juliana Vieira\u00a0 \u00a0 \u00a0 \u00a0 \u00a0 \u00a0 \u00a0 \u00a0 \u00a0 \u00a0 \u00a0 \u00a0 \u00a0 \u00a0 \u00a0 \u00a0 <\/a><\/span><a href=\"https:\/\/clam.org.br\/es\/equipo\/lais-peixoto-schimidt\/36286\/\">La\u00eds Peixoto Schimidt<\/a>\u00a0 \u00a0 \u00a0 \u00a0 \u00a0 \u00a0 \u00a0 \u00a0 \u00a0 \u00a0 \u00a0 <a href=\"https:\/\/clam.org.br\/es\/equipo\/luis-phillipe\/36519\/\">Luis Phillipe Nagem Lopes<\/a><br \/><span style=\"color: #000000\"><a style=\"color: #000000\" href=\"https:\/\/clam.org.br\/es\/equipo\/maria-leao\/25577\/\">Maria Le\u00e3o Silveira\u00a0 \u00a0 \u00a0 \u00a0 \u00a0 \u00a0 \u00a0 <\/a><\/span><a href=\"https:\/\/clam.org.br\/es\/equipo\/vanessa-herdy\/36337\/\">Vanessa Herdy<\/a><\/p>\t\t\t\t\t\t\t\t<\/div>\n\t\t\t\t<\/div>\n\t\t\t\t\t<\/div>\n\t\t<\/div>\n\t\t\t\t<div class=\"elementor-column elementor-col-33 elementor-inner-column elementor-element elementor-element-111edc7\" data-id=\"111edc7\" data-element_type=\"column\">\n\t\t\t<div class=\"elementor-widget-wrap elementor-element-populated\">\n\t\t\t\t\t\t<div class=\"elementor-element elementor-element-83a72ec elementor-widget__width-initial elementor-widget elementor-widget-text-editor\" data-id=\"83a72ec\" data-element_type=\"widget\" data-widget_type=\"text-editor.default\">\n\t\t\t\t<div class=\"elementor-widget-container\">\n\t\t\t\t\t\t\t\t\t<h6>Asociados<\/h6><p><span style=\"color: #000000\"><a style=\"color: #000000\" href=\"https:\/\/clam.org.br\/es\/equipo\/alessandra-brigo\/25517\/\">Alessandra Brigo<br \/><\/a><a style=\"color: #000000\" href=\"https:\/\/clam.org.br\/es\/equipo\/amaral-arevalo\/25424\/\" target=\"_blank\" rel=\"noopener\">Amaral Ar\u00e9valo \u00a0 \u00a0 \u00a0 \u00a0 \u00a0 \u00a0 \u00a0 \u00a0 \u00a0 \u00a0 <\/a><\/span><a href=\"https:\/\/clam.org.br\/es\/equipo\/antonio-cerdeira-pilao\/36274\/\">Antonio Cerdeira Pil\u00e3o<\/a><br \/><span style=\"color: #000000\"><a style=\"color: #000000\" href=\"https:\/\/clam.org.br\/es\/equipo\/aureliano-lopes\/25434\/\" target=\"_blank\" rel=\"noopener\">Aureliano Lopes<\/a><a style=\"color: #000000\" href=\"https:\/\/clam.org.br\/es\/equipo\/barbara-pires\/25493\/\"><br \/>Barbara Pires<br \/><\/a><a style=\"color: #000000\" href=\"https:\/\/clam.org.br\/es\/equipo\/beatriz-klimeck\/25523\/\">Beatriz Klimeck<\/a><a style=\"color: #000000\" href=\"https:\/\/clam.org.br\/es\/equipo\/bruno-zilli\/25441\/\" target=\"_blank\" rel=\"noopener\"><br \/>Bruno Zilli<\/a><a style=\"color: #000000\" href=\"https:\/\/clam.org.br\/es\/equipo\/cleber-macedo\/25530\/\"><br \/>Cleber Macedo\u00a0 \u00a0 \u00a0 \u00a0 \u00a0 \u00a0 \u00a0 \u00a0 \u00a0 \u00a0 <\/a><a style=\"color: #000000\" href=\"https:\/\/clam.org.br\/es\/equipo\/cris-serra\/25533\/\"><br \/>Cris Serra\u00a0 \u00a0 \u00a0 \u00a0 \u00a0 \u00a0 \u00a0 \u00a0<\/a>\u00a0 \u00a0 \u00a0 <a style=\"font-style: inherit;font-weight: inherit;font-family: var( --e-global-typography-text-font-family ), Sans-serif;background-color: #fefae5;color: #000000\" href=\"https:\/\/clam.org.br\/es\/equipo\/fernanda-loureiro\/25546\/\"><br \/>Fernanda Loureiro<\/a>\u00a0 \u00a0 \u00a0 \u00a0 \u00a0 <a style=\"font-style: inherit;font-weight: inherit;font-family: var( --e-global-typography-text-font-family ), Sans-serif;background-color: #fefae5;color: #000000\" href=\"https:\/\/clam.org.br\/es\/equipo\/helena-salgueiro\/25452\/\"><br \/>Helena Lermen<\/a>\u00a0 \u00a0 \u00a0 \u00a0 \u00a0 \u00a0 \u00a0 \u00a0 \u00a0\u00a0<a style=\"font-style: inherit;font-weight: inherit;font-family: var( --e-global-typography-text-font-family ), Sans-serif;background-color: #fefae5;color: #000000\" href=\"https:\/\/clam.org.br\/es\/equipo\/lucas-tramontano\/25458\/\"><br \/>Lucas Tramontano<\/a>\u00a0 \u00a0 \u00a0 \u00a0 \u00a0 \u00a0<a style=\"font-style: inherit;font-weight: inherit;font-family: var( --e-global-typography-text-font-family ), Sans-serif;background-color: #fefae5;color: #000000\" href=\"https:\/\/clam.org.br\/es\/equipo\/luciana-ferreira\/25562\/\"><br \/>Luciana Ferreira\u00a0 \u00a0 \u00a0 \u00a0 \u00a0 \u00a0 \u00a0 \u00a0 \u00a0<\/a><a style=\"color: #000000\" href=\"https:\/\/clam.org.br\/es\/equipo\/luisa-dangelo\/25466\/\" target=\"_blank\" rel=\"noopener\"><br \/>Lu\u00edsa Bertrami D\u2019Angelo<\/a>\u00a0<\/span><br \/><span style=\"color: #000000\"><a style=\"color: #000000\" href=\"https:\/\/clam.org.br\/es\/equipo\/mc-gama\/25689\/\">Maria Clara Gama<\/a><\/span><br \/><span style=\"color: #000000\"><a style=\"color: #000000\" href=\"https:\/\/clam.org.br\/es\/equipo\/mauro-brigeiro-2\/35712\/\">Mauro Brigeiro\u00a0 \u00a0 \u00a0 \u00a0 \u00a0 \u00a0 \u00a0 \u00a0 \u00a0 \u00a0 \u00a0 <\/a><\/span><a href=\"https:\/\/clam.org.br\/es\/equipo\/romario-nelvo\/36366\/\">Rom\u00e1rio Nelvo<\/a><br \/><span style=\"color: #000000\"><a style=\"color: #000000\" href=\"https:\/\/clam.org.br\/es\/equipo\/silvia-aguiao\/25487\/\" target=\"_blank\" rel=\"noopener\">Silvia Agui\u00e3o<\/a><a style=\"color: #000000\" href=\"https:\/\/clam.org.br\/es\/equipo\/vanessa-leite\/25701\/\">\u00a0 \u00a0 \u00a0 \u00a0 \u00a0 \u00a0 \u00a0 \u00a0 \u00a0 \u00a0 \u00a0<\/a><a style=\"color: #000000\" href=\"https:\/\/clam.org.br\/es\/equipo\/ueslei-solaterrar\/25596\/\">\u00a0 \u00a0 \u00a0 \u00a0\u00a0<\/a><a style=\"color: #000000\" href=\"https:\/\/clam.org.br\/es\/equipo\/vanessa-leite\/25701\/\"><br \/>Vanessa Leite\u00a0 \u00a0 \u00a0 \u00a0 \u00a0 \u00a0 \u00a0 \u00a0 \u00a0 \u00a0 \u00a0 <\/a><a style=\"color: #000000\" href=\"https:\/\/clam.org.br\/es\/equipo\/viviane-mattar-2\/35613\/\"><br \/>Viviane Mattar<\/a><\/span><\/p>\t\t\t\t\t\t\t\t<\/div>\n\t\t\t\t<\/div>\n\t\t\t\t\t<\/div>\n\t\t<\/div>\n\t\t\t\t\t<\/div>\n\t\t<\/section>\n\t\t\t\t\t<\/div>\n\t\t<\/div>\n\t\t\t\t\t<\/div>\n\t\t<\/section>\n\t\t\t\t<\/div>\n\t\t","protected":false},"excerpt":{"rendered":"<p>Equipo Coordena\u00e7\u00e3o general Claudia Mora Coordena\u00e7\u00e3o ejecutiva Claudia MoraHoracio S\u00edvoriLaura Lowenkron Equipo de Comunicaci\u00f3n Maria Clara Gama\u00a0Emanuel Oliveira (Becaria de Extensi\u00f3n)Rebeca Nogueira Matias\u00a0(Becaria de Extensi\u00f3n) Investigadores ProfesoresAnna Paula UzielClaudia Mora \u00a0\u00a0 \u00a0\u00a0 \u00a0\u00a0 \u00a0\u00a0 \u00a0\u00a0 \u00a0\u00a0 \u00a0\u00a0 \u00a0\u00a0 \u00a0\u00a0 Camila FernandesHoracio S\u00edvoriJane Russo\u00a0 \u00a0 \u00a0 \u00a0 \u00a0 \u00a0 \u00a0 \u00a0 \u00a0 \u00a0 \u00a0 \u00a0 \u00a0 \u00a0 \u00a0 \u00a0 Laura Lowenkron\u00a0Marina Nucci\u00a0 \u00a0 \u00a0 \u00a0 \u00a0 \u00a0 \u00a0 \u00a0 \u00a0 \u00a0 \u00a0 \u00a0 \u00a0 \u00a0 Martinho &hellip;<\/p>\n<p class=\"read-more\"> <a class=\"\" href=\"https:\/\/clam.org.br\/es\/equipo\/\"> <span class=\"screen-reader-text\">Equipo<\/span> Leer m\u00e1s &raquo;<\/a><\/p>\n","protected":false},"author":1,"featured_media":0,"parent":0,"menu_order":0,"comment_status":"closed","ping_status":"closed","template":"elementor_header_footer","meta":{"_acf_changed":false,"site-sidebar-layout":"no-sidebar","site-content-layout":"page-builder","ast-global-header-display":"","ast-main-header-display":"","ast-hfb-above-header-display":"","ast-hfb-below-header-display":"","ast-hfb-mobile-header-display":"","site-post-title":"disabled","ast-breadcrumbs-content":"","ast-featured-img":"disabled","footer-sml-layout":"","theme-transparent-header-meta":"","adv-header-id-meta":"","stick-header-meta":"","header-above-stick-meta":"","header-main-stick-meta":"","header-below-stick-meta":"","footnotes":""},"class_list":["post-124","page","type-page","status-publish","hentry"],"acf":[],"yoast_head":"<!-- This site is optimized with the Yoast SEO plugin v26.1.1 - https:\/\/yoast.com\/wordpress\/plugins\/seo\/ -->\n<title>Equipo - CLAM - ES<\/title>\n<meta name=\"robots\" content=\"index, follow, max-snippet:-1, max-image-preview:large, max-video-preview:-1\" \/>\n<link rel=\"canonical\" href=\"https:\/\/clam.org.br\/es\/equipo\/\" \/>\n<meta property=\"og:locale\" content=\"es_ES\" \/>\n<meta property=\"og:type\" content=\"article\" \/>\n<meta property=\"og:title\" content=\"Equipo - CLAM - ES\" \/>\n<meta property=\"og:description\" content=\"Equipo Coordena\u00e7\u00e3o general Claudia Mora Coordena\u00e7\u00e3o ejecutiva Claudia MoraHoracio S\u00edvoriLaura Lowenkron Equipo de Comunicaci\u00f3n Maria Clara Gama\u00a0Emanuel Oliveira (Becaria de Extensi\u00f3n)Rebeca Nogueira Matias\u00a0(Becaria de Extensi\u00f3n) Investigadores ProfesoresAnna Paula UzielClaudia Mora \u00a0\u00a0 \u00a0\u00a0 \u00a0\u00a0 \u00a0\u00a0 \u00a0\u00a0 \u00a0\u00a0 \u00a0\u00a0 \u00a0\u00a0 \u00a0\u00a0 Camila FernandesHoracio S\u00edvoriJane Russo\u00a0 \u00a0 \u00a0 \u00a0 \u00a0 \u00a0 \u00a0 \u00a0 \u00a0 \u00a0 \u00a0 \u00a0 \u00a0 \u00a0 \u00a0 \u00a0 Laura Lowenkron\u00a0Marina Nucci\u00a0 \u00a0 \u00a0 \u00a0 \u00a0 \u00a0 \u00a0 \u00a0 \u00a0 \u00a0 \u00a0 \u00a0 \u00a0 \u00a0 Martinho &hellip; Equipo Leer m\u00e1s &raquo;\" \/>\n<meta property=\"og:url\" content=\"https:\/\/clam.org.br\/es\/equipo\/\" \/>\n<meta property=\"og:site_name\" content=\"CLAM - ES\" \/>\n<meta property=\"article:modified_time\" content=\"2025-11-03T16:52:06+00:00\" \/>\n<meta name=\"twitter:card\" content=\"summary_large_image\" \/>\n<meta name=\"twitter:label1\" content=\"Tiempo de lectura\" \/>\n\t<meta name=\"twitter:data1\" content=\"1 minuto\" \/>\n<script type=\"application\/ld+json\" class=\"yoast-schema-graph\">{\"@context\":\"https:\/\/schema.org\",\"@graph\":[{\"@type\":\"WebPage\",\"@id\":\"https:\/\/clam.org.br\/es\/equipo\/\",\"url\":\"https:\/\/clam.org.br\/es\/equipo\/\",\"name\":\"Equipo - CLAM - ES\",\"isPartOf\":{\"@id\":\"https:\/\/clam.org.br\/es\/#website\"},\"datePublished\":\"2023-05-22T18:49:46+00:00\",\"dateModified\":\"2025-11-03T16:52:06+00:00\",\"breadcrumb\":{\"@id\":\"https:\/\/clam.org.br\/es\/equipo\/#breadcrumb\"},\"inLanguage\":\"es\",\"potentialAction\":[{\"@type\":\"ReadAction\",\"target\":[\"https:\/\/clam.org.br\/es\/equipo\/\"]}]},{\"@type\":\"BreadcrumbList\",\"@id\":\"https:\/\/clam.org.br\/es\/equipo\/#breadcrumb\",\"itemListElement\":[{\"@type\":\"ListItem\",\"position\":1,\"name\":\"In\u00edcio\",\"item\":\"https:\/\/clam.org.br\/es\/\"},{\"@type\":\"ListItem\",\"position\":2,\"name\":\"Equipo\"}]},{\"@type\":\"WebSite\",\"@id\":\"https:\/\/clam.org.br\/es\/#website\",\"url\":\"https:\/\/clam.org.br\/es\/\",\"name\":\"CLAM - ES\",\"description\":\"S\u00f3 mais um site CLAM - Centro Latino-Americano em Sexualidade e Direitos Humanos sites\",\"potentialAction\":[{\"@type\":\"SearchAction\",\"target\":{\"@type\":\"EntryPoint\",\"urlTemplate\":\"https:\/\/clam.org.br\/es\/?s={search_term_string}\"},\"query-input\":{\"@type\":\"PropertyValueSpecification\",\"valueRequired\":true,\"valueName\":\"search_term_string\"}}],\"inLanguage\":\"es\"}]}<\/script>\n<!-- \/ Yoast SEO plugin. -->","yoast_head_json":{"title":"Equipo - CLAM - ES","robots":{"index":"index","follow":"follow","max-snippet":"max-snippet:-1","max-image-preview":"max-image-preview:large","max-video-preview":"max-video-preview:-1"},"canonical":"https:\/\/clam.org.br\/es\/equipo\/","og_locale":"es_ES","og_type":"article","og_title":"Equipo - CLAM - ES","og_description":"Equipo Coordena\u00e7\u00e3o general Claudia Mora Coordena\u00e7\u00e3o ejecutiva Claudia MoraHoracio S\u00edvoriLaura Lowenkron Equipo de Comunicaci\u00f3n Maria Clara Gama\u00a0Emanuel Oliveira (Becaria de Extensi\u00f3n)Rebeca Nogueira Matias\u00a0(Becaria de Extensi\u00f3n) Investigadores ProfesoresAnna Paula UzielClaudia Mora \u00a0\u00a0 \u00a0\u00a0 \u00a0\u00a0 \u00a0\u00a0 \u00a0\u00a0 \u00a0\u00a0 \u00a0\u00a0 \u00a0\u00a0 \u00a0\u00a0 Camila FernandesHoracio S\u00edvoriJane Russo\u00a0 \u00a0 \u00a0 \u00a0 \u00a0 \u00a0 \u00a0 \u00a0 \u00a0 \u00a0 \u00a0 \u00a0 \u00a0 \u00a0 \u00a0 \u00a0 Laura Lowenkron\u00a0Marina Nucci\u00a0 \u00a0 \u00a0 \u00a0 \u00a0 \u00a0 \u00a0 \u00a0 \u00a0 \u00a0 \u00a0 \u00a0 \u00a0 \u00a0 Martinho &hellip; Equipo Leer m\u00e1s &raquo;","og_url":"https:\/\/clam.org.br\/es\/equipo\/","og_site_name":"CLAM - ES","article_modified_time":"2025-11-03T16:52:06+00:00","twitter_card":"summary_large_image","twitter_misc":{"Tiempo de lectura":"1 minuto"},"schema":{"@context":"https:\/\/schema.org","@graph":[{"@type":"WebPage","@id":"https:\/\/clam.org.br\/es\/equipo\/","url":"https:\/\/clam.org.br\/es\/equipo\/","name":"Equipo - CLAM - ES","isPartOf":{"@id":"https:\/\/clam.org.br\/es\/#website"},"datePublished":"2023-05-22T18:49:46+00:00","dateModified":"2025-11-03T16:52:06+00:00","breadcrumb":{"@id":"https:\/\/clam.org.br\/es\/equipo\/#breadcrumb"},"inLanguage":"es","potentialAction":[{"@type":"ReadAction","target":["https:\/\/clam.org.br\/es\/equipo\/"]}]},{"@type":"BreadcrumbList","@id":"https:\/\/clam.org.br\/es\/equipo\/#breadcrumb","itemListElement":[{"@type":"ListItem","position":1,"name":"In\u00edcio","item":"https:\/\/clam.org.br\/es\/"},{"@type":"ListItem","position":2,"name":"Equipo"}]},{"@type":"WebSite","@id":"https:\/\/clam.org.br\/es\/#website","url":"https:\/\/clam.org.br\/es\/","name":"CLAM - ES","description":"S\u00f3 mais um site CLAM - Centro Latino-Americano em Sexualidade e Direitos Humanos sites","potentialAction":[{"@type":"SearchAction","target":{"@type":"EntryPoint","urlTemplate":"https:\/\/clam.org.br\/es\/?s={search_term_string}"},"query-input":{"@type":"PropertyValueSpecification","valueRequired":true,"valueName":"search_term_string"}}],"inLanguage":"es"}]}},"jetpack_sharing_enabled":true,"_links":{"self":[{"href":"https:\/\/clam.org.br\/es\/wp-json\/wp\/v2\/pages\/124","targetHints":{"allow":["GET"]}}],"collection":[{"href":"https:\/\/clam.org.br\/es\/wp-json\/wp\/v2\/pages"}],"about":[{"href":"https:\/\/clam.org.br\/es\/wp-json\/wp\/v2\/types\/page"}],"author":[{"embeddable":true,"href":"https:\/\/clam.org.br\/es\/wp-json\/wp\/v2\/users\/1"}],"replies":[{"embeddable":true,"href":"https:\/\/clam.org.br\/es\/wp-json\/wp\/v2\/comments?post=124"}],"version-history":[{"count":212,"href":"https:\/\/clam.org.br\/es\/wp-json\/wp\/v2\/pages\/124\/revisions"}],"predecessor-version":[{"id":36534,"href":"https:\/\/clam.org.br\/es\/wp-json\/wp\/v2\/pages\/124\/revisions\/36534"}],"wp:attachment":[{"href":"https:\/\/clam.org.br\/es\/wp-json\/wp\/v2\/media?parent=124"}],"curies":[{"name":"wp","href":"https:\/\/api.w.org\/{rel}","templated":true}]}}