{"id":145,"date":"2023-05-22T17:29:23","date_gmt":"2023-05-22T20:29:23","guid":{"rendered":"https:\/\/clam.org.br\/es\/?page_id=145"},"modified":"2023-05-22T17:35:41","modified_gmt":"2023-05-22T20:35:41","slug":"asociaciones","status":"publish","type":"page","link":"https:\/\/clam.org.br\/es\/asociaciones\/","title":{"rendered":"Asociaciones"},"content":{"rendered":"\t\t<div data-elementor-type=\"wp-page\" data-elementor-id=\"145\" class=\"elementor elementor-145\">\n\t\t\t\t\t\t<section class=\"elementor-section elementor-top-section elementor-element elementor-element-2405a71a elementor-section-boxed elementor-section-height-default elementor-section-height-default\" data-id=\"2405a71a\" data-element_type=\"section\" data-settings=\"{&quot;background_background&quot;:&quot;classic&quot;}\">\n\t\t\t\t\t\t<div class=\"elementor-container elementor-column-gap-no\">\n\t\t\t\t\t<div class=\"elementor-column elementor-col-100 elementor-top-column elementor-element elementor-element-1d17f7c6\" data-id=\"1d17f7c6\" data-element_type=\"column\">\n\t\t\t<div class=\"elementor-widget-wrap elementor-element-populated\">\n\t\t\t\t\t\t<div class=\"elementor-element elementor-element-488d73a elementor-widget elementor-widget-heading\" data-id=\"488d73a\" data-element_type=\"widget\" data-widget_type=\"heading.default\">\n\t\t\t\t<div class=\"elementor-widget-container\">\n\t\t\t\t\t<h1 class=\"elementor-heading-title elementor-size-default\">Asociaciones<\/h1>\t\t\t\t<\/div>\n\t\t\t\t<\/div>\n\t\t\t\t\t<\/div>\n\t\t<\/div>\n\t\t\t\t\t<\/div>\n\t\t<\/section>\n\t\t\t\t<section class=\"elementor-section elementor-top-section elementor-element elementor-element-10258feb elementor-section-boxed elementor-section-height-default elementor-section-height-default\" data-id=\"10258feb\" data-element_type=\"section\">\n\t\t\t\t\t\t<div class=\"elementor-container elementor-column-gap-default\">\n\t\t\t\t\t<div class=\"elementor-column elementor-col-100 elementor-top-column elementor-element elementor-element-62abfed6\" data-id=\"62abfed6\" data-element_type=\"column\">\n\t\t\t<div class=\"elementor-widget-wrap elementor-element-populated\">\n\t\t\t\t\t\t<div class=\"elementor-element elementor-element-78a3b27e elementor-widget elementor-widget-text-editor\" data-id=\"78a3b27e\" data-element_type=\"widget\" data-widget_type=\"text-editor.default\">\n\t\t\t\t<div class=\"elementor-widget-container\">\n\t\t\t\t\t\t\t\t\t<p><span class=\"HwtZe\" lang=\"en\"><span class=\"jCAhz ChMk0b\"><span class=\"ryNqvb\">CLAM opera a trav\u00e9s de alianzas con diversas instituciones y profesionales especializados en el campo de la sexualidad.<\/span><\/span><\/span><\/p>\t\t\t\t\t\t\t\t<\/div>\n\t\t\t\t<\/div>\n\t\t\t\t\t<\/div>\n\t\t<\/div>\n\t\t\t\t\t<\/div>\n\t\t<\/section>\n\t\t\t\t<section class=\"elementor-section elementor-top-section elementor-element elementor-element-1d682b10 elementor-section-boxed elementor-section-height-default elementor-section-height-default\" data-id=\"1d682b10\" data-element_type=\"section\">\n\t\t\t\t\t\t<div class=\"elementor-container elementor-column-gap-no\">\n\t\t\t\t\t<div class=\"elementor-column elementor-col-100 elementor-top-column elementor-element elementor-element-62b21f2e\" data-id=\"62b21f2e\" data-element_type=\"column\">\n\t\t\t<div class=\"elementor-widget-wrap elementor-element-populated\">\n\t\t\t\t\t\t<div class=\"elementor-element elementor-element-57deb090 elementor-widget-divider--view-line elementor-widget elementor-widget-divider\" data-id=\"57deb090\" data-element_type=\"widget\" data-widget_type=\"divider.default\">\n\t\t\t\t<div class=\"elementor-widget-container\">\n\t\t\t\t\t\t\t<div class=\"elementor-divider\">\n\t\t\t<span class=\"elementor-divider-separator\">\n\t\t\t\t\t\t<\/span>\n\t\t<\/div>\n\t\t\t\t\t\t<\/div>\n\t\t\t\t<\/div>\n\t\t\t\t<div class=\"elementor-element elementor-element-2f6914b2 elementor-position-left elementor-vertical-align-middle elementor-widget elementor-widget-image-box\" data-id=\"2f6914b2\" data-element_type=\"widget\" data-widget_type=\"image-box.default\">\n\t\t\t\t<div class=\"elementor-widget-container\">\n\t\t\t\t\t<div class=\"elementor-image-box-wrapper\"><figure class=\"elementor-image-box-img\"><img fetchpriority=\"high\" decoding=\"async\" width=\"973\" height=\"649\" src=\"https:\/\/clam.org.br\/es\/wp-content\/uploads\/sites\/3\/2023\/05\/positive-dark-skinned-young-woman-man-bump-fists-agree-be-one-team-look-happily-each-other-celebrates-completed-task-wear-pink-green-clothes-pose-indoor-have-successful-deal-scaled-1-973x649.jpg\" class=\"attachment-bdfe-hero-slider-thumb size-bdfe-hero-slider-thumb wp-image-146\" alt=\"\" srcset=\"https:\/\/clam.org.br\/es\/wp-content\/uploads\/sites\/3\/2023\/05\/positive-dark-skinned-young-woman-man-bump-fists-agree-be-one-team-look-happily-each-other-celebrates-completed-task-wear-pink-green-clothes-pose-indoor-have-successful-deal-scaled-1-973x649.jpg 973w, https:\/\/clam.org.br\/es\/wp-content\/uploads\/sites\/3\/2023\/05\/positive-dark-skinned-young-woman-man-bump-fists-agree-be-one-team-look-happily-each-other-celebrates-completed-task-wear-pink-green-clothes-pose-indoor-have-successful-deal-scaled-1-300x200.jpg 300w, https:\/\/clam.org.br\/es\/wp-content\/uploads\/sites\/3\/2023\/05\/positive-dark-skinned-young-woman-man-bump-fists-agree-be-one-team-look-happily-each-other-celebrates-completed-task-wear-pink-green-clothes-pose-indoor-have-successful-deal-scaled-1-1024x683.jpg 1024w, https:\/\/clam.org.br\/es\/wp-content\/uploads\/sites\/3\/2023\/05\/positive-dark-skinned-young-woman-man-bump-fists-agree-be-one-team-look-happily-each-other-celebrates-completed-task-wear-pink-green-clothes-pose-indoor-have-successful-deal-scaled-1-768x512.jpg 768w, https:\/\/clam.org.br\/es\/wp-content\/uploads\/sites\/3\/2023\/05\/positive-dark-skinned-young-woman-man-bump-fists-agree-be-one-team-look-happily-each-other-celebrates-completed-task-wear-pink-green-clothes-pose-indoor-have-successful-deal-scaled-1-1536x1024.jpg 1536w, https:\/\/clam.org.br\/es\/wp-content\/uploads\/sites\/3\/2023\/05\/positive-dark-skinned-young-woman-man-bump-fists-agree-be-one-team-look-happily-each-other-celebrates-completed-task-wear-pink-green-clothes-pose-indoor-have-successful-deal-scaled-1-2048x1366.jpg 2048w, https:\/\/clam.org.br\/es\/wp-content\/uploads\/sites\/3\/2023\/05\/positive-dark-skinned-young-woman-man-bump-fists-agree-be-one-team-look-happily-each-other-celebrates-completed-task-wear-pink-green-clothes-pose-indoor-have-successful-deal-scaled-1-600x400.jpg 600w\" sizes=\"(max-width: 973px) 100vw, 973px\" \/><\/figure><div class=\"elementor-image-box-content\"><h3 class=\"elementor-image-box-title\">Links<\/h3><p class=\"elementor-image-box-description\"><a href=\"http:\/\/www.abant.org.br\/\" target=\"_blank\" rel=\"noopener\">ABA - \n<a href=\"http:\/\/www.abiaids.org.br\/\" target=\"_blank\" rel=\"noopener\">ABIA - Associa\u00e7\u00e3o Brasileira Interdisciplinar de AIDS<\/a><br \/><a href=\"http:\/\/www.redeh.org.br\/fortalecimento-da-articulacao-das-mulheres-brasileiras-amb\/\" target=\"_blank\" rel=\"noopener\">AMB - Articula\u00e7\u00e3o de Mulheres Brasileiras<\/a>\n<a href=\"http:\/\/www.anpocs.com\/\" target=\"_blank\" rel=\"noopener\">ANPOCS - Associa\u00e7\u00e3o Nacional de P\u00f3s-Gradua\u00e7\u00e3o e Pesquisa em Ci\u00eancias Sociais<\/a>\n<a href=\"http:\/\/www.cedes.org\/\">CEDES -\u00a0Centro de Estudios de Estado y Sociedad<\/a>\n<a href=\"http:\/\/web.law.columbia.edu\/gender-sexuality\" target=\"_blank\" rel=\"noopener\">Center for Gender and Sexualit<\/a><a href=\"https:\/\/gender-sexuality.law.columbia.edu\/\">y Law, Columbia Law School<\/a><br \/><a href=\"http:\/\/www.flora.org.pe\/\" target=\"_blank\" rel=\"noopener\">Centro de la Mujer Peruana Flora Trist\u00e1n<\/a>\n<a href=\"http:\/\/www.cepia.org.br\/\" target=\"_blank\" rel=\"noopener\">CEPIA - Cidadania, Estudos, Pesquisa, Informa\u00e7\u00e3o e A\u00e7\u00e3o<\/a><br \/><a href=\"http:\/\/www.ucamcesec.com.br\/\" target=\"_blank\" rel=\"noopener\">CESeC - Centro de Estudos de Seguran\u00e7a e Cidadania, UCAM<\/a><br \/><a href=\"http:\/\/www.era2000.org.br\/\">ERA 2000 - Educa\u00e7\u00e3o, Reintegra\u00e7\u00e3o e Apoio<\/a>*<br \/><a href=\"http:\/\/www.humanas.unal.edu.co\/2017\/unidades-academicas\/escuelas\/escuela-de-estudios-de-genero\">EEG -\u00a0Escuela de Estudios de G\u00e9nero, Universidad Nacional de Colombia<\/a><br \/><\/p><\/div><\/div>\t\t\t\t<\/div>\n\t\t\t\t<\/div>\n\t\t\t\t<div class=\"elementor-element elementor-element-6653e515 elementor-widget-divider--view-line elementor-widget elementor-widget-divider\" data-id=\"6653e515\" data-element_type=\"widget\" data-widget_type=\"divider.default\">\n\t\t\t\t<div class=\"elementor-widget-container\">\n\t\t\t\t\t\t\t<div class=\"elementor-divider\">\n\t\t\t<span class=\"elementor-divider-separator\">\n\t\t\t\t\t\t<\/span>\n\t\t<\/div>\n\t\t\t\t\t\t<\/div>\n\t\t\t\t<\/div>\n\t\t\t\t<div class=\"elementor-element elementor-element-2dbe5be1 elementor-position-right elementor-vertical-align-middle elementor-widget elementor-widget-image-box\" data-id=\"2dbe5be1\" data-element_type=\"widget\" data-widget_type=\"image-box.default\">\n\t\t\t\t<div class=\"elementor-widget-container\">\n\t\t\t\t\t<div class=\"elementor-image-box-wrapper\"><figure class=\"elementor-image-box-img\"><img decoding=\"async\" width=\"2182\" height=\"1440\" src=\"https:\/\/clam.org.br\/es\/wp-content\/uploads\/sites\/3\/2023\/05\/direitos.jpg\" class=\"attachment-full size-full wp-image-147\" alt=\"\" srcset=\"https:\/\/clam.org.br\/es\/wp-content\/uploads\/sites\/3\/2023\/05\/direitos.jpg 2182w, https:\/\/clam.org.br\/es\/wp-content\/uploads\/sites\/3\/2023\/05\/direitos-300x198.jpg 300w, https:\/\/clam.org.br\/es\/wp-content\/uploads\/sites\/3\/2023\/05\/direitos-1024x676.jpg 1024w, https:\/\/clam.org.br\/es\/wp-content\/uploads\/sites\/3\/2023\/05\/direitos-768x507.jpg 768w, https:\/\/clam.org.br\/es\/wp-content\/uploads\/sites\/3\/2023\/05\/direitos-1536x1014.jpg 1536w, https:\/\/clam.org.br\/es\/wp-content\/uploads\/sites\/3\/2023\/05\/direitos-2048x1352.jpg 2048w, https:\/\/clam.org.br\/es\/wp-content\/uploads\/sites\/3\/2023\/05\/direitos-600x396.jpg 600w, https:\/\/clam.org.br\/es\/wp-content\/uploads\/sites\/3\/2023\/05\/direitos-983x649.jpg 983w\" sizes=\"(max-width: 2182px) 100vw, 2182px\" \/><\/figure><div class=\"elementor-image-box-content\"><p class=\"elementor-image-box-description\"><a href=\"http:\/\/www.fiocruz.br\/\" target=\"_blank\" rel=\"noopener\">FIOCRUZ - Funda\u00e7\u00e3o Oswaldo Cruz<\/a><br \/><a href=\"http:\/\/www.flacsochile.org\/\" target=\"_blank\" rel=\"noopener\">FLACSO-Chile, Facultad Latinoamericana de Ciencias Sociales<\/a><br \/><a href=\"http:\/\/www.arco-iris.org.br\/\">Grupo Arco-\u00cdris de Cidadania LGBTI+<\/a><br \/><a href=\"http:\/\/www.ibge.gov.br\/\" target=\"_blank\" rel=\"noopener\">IBGE \u2013 Instituto Brasileiro de Geografia e Estat\u00edstica<\/a><br \/><a href=\"http:\/\/www.patriciagalvao.org.br\/\" target=\"_blank\" rel=\"noopener\">Instituto Patr\u00edcia Galv\u00e3o<\/a><a href=\"https:\/\/agenciapatriciagalvao.org.br\/\">\u00a0- m\u00eddias e direitos<\/a><br \/><a href=\"http:\/\/www.isc.ufba.br\/index.php\" target=\"_blank\" rel=\"noopener\">ISC - Instituto de Sa\u00fade Coletiva, UFBA<\/a><br \/><a href=\"http:\/\/www.iser.org.br\/\" target=\"_blank\" rel=\"noopener\">ISER - Instituto de Estudos da Religi\u00e3o<\/a>\n<a href=\"https:\/\/lidisuerj.wordpress.com\/\">LIDIS - Laborat\u00f3rio Integrado em Diversidade Sexual e de G\u00eanero, Pol\u00edticas e Direitos, UERJ<\/a><br \/><a href=\"http:\/\/www.unicamp.br\/nepo\" target=\"_blank\" rel=\"noopener\">NEPO - N\u00facleo de Estudos de Popula\u00e7\u00e3o<\/a><a href=\"http:\/\/www.nepo.unicamp.br\/\">\u00a0Elza Berqu\u00f3, UNICAMP<\/a><br \/><a href=\"http:\/\/www.nigs.ufsc.br\/\" target=\"_blank\" rel=\"noopener\">NIGS - N\u00facleo de Identidades de G\u00eanero e Subjetividade, PPGAS\/UFSC<\/a><br \/><\/p><\/div><\/div>\t\t\t\t<\/div>\n\t\t\t\t<\/div>\n\t\t\t\t<div class=\"elementor-element elementor-element-4ef7f0b9 elementor-widget-divider--view-line elementor-widget elementor-widget-divider\" data-id=\"4ef7f0b9\" data-element_type=\"widget\" data-widget_type=\"divider.default\">\n\t\t\t\t<div class=\"elementor-widget-container\">\n\t\t\t\t\t\t\t<div class=\"elementor-divider\">\n\t\t\t<span class=\"elementor-divider-separator\">\n\t\t\t\t\t\t<\/span>\n\t\t<\/div>\n\t\t\t\t\t\t<\/div>\n\t\t\t\t<\/div>\n\t\t\t\t<div class=\"elementor-element elementor-element-83d5d60 elementor-position-left elementor-vertical-align-middle elementor-widget elementor-widget-image-box\" data-id=\"83d5d60\" data-element_type=\"widget\" data-widget_type=\"image-box.default\">\n\t\t\t\t<div class=\"elementor-widget-container\">\n\t\t\t\t\t<div class=\"elementor-image-box-wrapper\"><figure class=\"elementor-image-box-img\"><img decoding=\"async\" width=\"973\" height=\"649\" src=\"https:\/\/clam.org.br\/es\/wp-content\/uploads\/sites\/3\/2023\/05\/creative-world-book-day-composition-scaled-1-973x649.jpg\" class=\"attachment-bdfe-hero-slider-thumb size-bdfe-hero-slider-thumb wp-image-148\" alt=\"\" srcset=\"https:\/\/clam.org.br\/es\/wp-content\/uploads\/sites\/3\/2023\/05\/creative-world-book-day-composition-scaled-1-973x649.jpg 973w, https:\/\/clam.org.br\/es\/wp-content\/uploads\/sites\/3\/2023\/05\/creative-world-book-day-composition-scaled-1-300x200.jpg 300w, https:\/\/clam.org.br\/es\/wp-content\/uploads\/sites\/3\/2023\/05\/creative-world-book-day-composition-scaled-1-1024x683.jpg 1024w, https:\/\/clam.org.br\/es\/wp-content\/uploads\/sites\/3\/2023\/05\/creative-world-book-day-composition-scaled-1-768x512.jpg 768w, https:\/\/clam.org.br\/es\/wp-content\/uploads\/sites\/3\/2023\/05\/creative-world-book-day-composition-scaled-1-1536x1024.jpg 1536w, https:\/\/clam.org.br\/es\/wp-content\/uploads\/sites\/3\/2023\/05\/creative-world-book-day-composition-scaled-1-2048x1366.jpg 2048w, https:\/\/clam.org.br\/es\/wp-content\/uploads\/sites\/3\/2023\/05\/creative-world-book-day-composition-scaled-1-600x400.jpg 600w\" sizes=\"(max-width: 973px) 100vw, 973px\" \/><\/figure><div class=\"elementor-image-box-content\"><p class=\"elementor-image-box-description\"><a href=\"https:\/\/www.ufrgs.br\/nupacs\/\" target=\"_blank\" rel=\"noopener\">NUPACS - N\u00facleo de Pesquisa em Antropologia do Corpo e da Sa\u00fade, UFRGS<\/a>\n<a href=\"http:\/\/www.observatoriodefavelas.org.br\/\" target=\"_blank\" rel=\"noopener\">Observat\u00f3rio de Favelas<\/a>\n<a href=\"http:\/\/www.unicamp.br\/pagu\" target=\"_blank\" rel=\"noopener\">PAGU - N\u00facleo de Estudos de G\u00eanero, U<\/a><a href=\"https:\/\/www.pagu.unicamp.br\/\">NICAMP<\/a><br \/><a href=\"https:\/\/ppgas.museunacional.ufrj.br\/\">PPGAS -\u00a0Programa de P\u00f3s-Gradua\u00e7\u00e3o em Antropologia Social, Museu Nacional\/UFRJ<\/a><br \/><a href=\"http:\/\/www.redeh.org.br\/\" target=\"_blank\" rel=\"noopener\">REDEH - Rede de Desenvolvimento Humano<\/a><br \/><a href=\"http:\/\/www.soscorpo.org.br\/\" target=\"_blank\" rel=\"noopener\">SOS CORPO -\u00a0<\/a><a href=\"https:\/\/soscorpo.org\/\">Instituto Feminista para a Democracia<\/a>\n<a href=\"http:\/\/www.feim.org.ar\/strategiesfromthesouth\/\" target=\"_blank\" rel=\"noopener\">Strategies from the South<\/a>*<br \/><a href=\"http:\/\/www.themis.org.br\/\" target=\"_blank\" rel=\"noopener\">THEMIS -\u00a0<\/a><a href=\"http:\/\/themis.org.br\/somos\/historia\/\">G\u00eanero, Justi\u00e7a e Direitos Humanos<\/a><br \/><a href=\"https:\/\/www.ucn.cl\/\">UCN -\u00a0<\/a><a href=\"http:\/\/www.ucn.cl\/\" target=\"_blank\" rel=\"noopener\">Universidad Cat\u00f3lica del Norte - Chile<\/a>\n<a href=\"https:\/\/www.ufpe.br\/\">UFPE -\u00a0<\/a><a href=\"http:\/\/www.ufpe.br\/\" target=\"_blank\" rel=\"noopener\">Universidade Federal de Pernambuco<\/a>\n<a href=\"https:\/\/unal.edu.co\/\">UNAL -\u00a0<\/a><a href=\"http:\/\/www.unal.edu.co\/\" target=\"_blank\" rel=\"noopener\">Universidad Nacional de Col\u00f4mbia<\/a><br \/><a href=\"http:\/\/www.unmsm.edu.pe\/\">UNMSM -\u00a0Universidad Nacional Mayor de San Marcos\u00a0- Per\u00fa<\/a><br \/><a href=\"https:\/\/www.cayetano.edu.pe\/cayetano\/es\/\">UPCH -\u00a0<\/a><a href=\"http:\/\/www.upch.edu.pe\/\" target=\"_blank\" rel=\"noopener\">Universidad Peruana Cayetano Heredia<\/a><\/p><\/div><\/div>\t\t\t\t<\/div>\n\t\t\t\t<\/div>\n\t\t\t\t\t<\/div>\n\t\t<\/div>\n\t\t\t\t\t<\/div>\n\t\t<\/section>\n\t\t\t\t<\/div>\n\t\t","protected":false},"excerpt":{"rendered":"<p>Asociaciones CLAM opera a trav\u00e9s de alianzas con diversas instituciones y profesionales especializados en el campo de la sexualidad. Links ABA &#8211; ABIA &#8211; Associa\u00e7\u00e3o Brasileira Interdisciplinar de AIDSAMB &#8211; Articula\u00e7\u00e3o de Mulheres Brasileiras ANPOCS &#8211; Associa\u00e7\u00e3o Nacional de P\u00f3s-Gradua\u00e7\u00e3o e Pesquisa em Ci\u00eancias Sociais CEDES &#8211;\u00a0Centro de Estudios de Estado y Sociedad Center for Gender and Sexuality Law, Columbia Law SchoolCentro de la Mujer Peruana Flora Trist\u00e1n CEPIA &#8211; Cidadania, Estudos, Pesquisa, Informa\u00e7\u00e3o e &hellip;<\/p>\n<p class=\"read-more\"> <a class=\"\" href=\"https:\/\/clam.org.br\/es\/asociaciones\/\"> <span class=\"screen-reader-text\">Asociaciones<\/span> Leer m\u00e1s &raquo;<\/a><\/p>\n","protected":false},"author":1,"featured_media":0,"parent":0,"menu_order":0,"comment_status":"closed","ping_status":"closed","template":"elementor_header_footer","meta":{"_acf_changed":false,"site-sidebar-layout":"no-sidebar","site-content-layout":"page-builder","ast-global-header-display":"","ast-main-header-display":"","ast-hfb-above-header-display":"","ast-hfb-below-header-display":"","ast-hfb-mobile-header-display":"","site-post-title":"disabled","ast-breadcrumbs-content":"","ast-featured-img":"disabled","footer-sml-layout":"","theme-transparent-header-meta":"","adv-header-id-meta":"","stick-header-meta":"","header-above-stick-meta":"","header-main-stick-meta":"","header-below-stick-meta":"","footnotes":""},"class_list":["post-145","page","type-page","status-publish","hentry"],"acf":[],"yoast_head":"<!-- This site is optimized with the Yoast SEO plugin v26.1.1 - https:\/\/yoast.com\/wordpress\/plugins\/seo\/ -->\n<title>Asociaciones - CLAM - ES<\/title>\n<meta name=\"robots\" content=\"index, follow, max-snippet:-1, max-image-preview:large, max-video-preview:-1\" \/>\n<link rel=\"canonical\" href=\"https:\/\/clam.org.br\/es\/asociaciones\/\" \/>\n<meta property=\"og:locale\" content=\"es_ES\" \/>\n<meta property=\"og:type\" content=\"article\" \/>\n<meta property=\"og:title\" content=\"Asociaciones - CLAM - ES\" \/>\n<meta property=\"og:description\" content=\"Asociaciones CLAM opera a trav\u00e9s de alianzas con diversas instituciones y profesionales especializados en el campo de la sexualidad. Links ABA &#8211; ABIA &#8211; Associa\u00e7\u00e3o Brasileira Interdisciplinar de AIDSAMB &#8211; Articula\u00e7\u00e3o de Mulheres Brasileiras ANPOCS &#8211; Associa\u00e7\u00e3o Nacional de P\u00f3s-Gradua\u00e7\u00e3o e Pesquisa em Ci\u00eancias Sociais CEDES &#8211;\u00a0Centro de Estudios de Estado y Sociedad Center for Gender and Sexuality Law, Columbia Law SchoolCentro de la Mujer Peruana Flora Trist\u00e1n CEPIA &#8211; Cidadania, Estudos, Pesquisa, Informa\u00e7\u00e3o e &hellip; Asociaciones Leer m\u00e1s &raquo;\" \/>\n<meta property=\"og:url\" content=\"https:\/\/clam.org.br\/es\/asociaciones\/\" \/>\n<meta property=\"og:site_name\" content=\"CLAM - ES\" \/>\n<meta property=\"article:modified_time\" content=\"2023-05-22T20:35:41+00:00\" \/>\n<meta property=\"og:image\" content=\"https:\/\/clam.fw2web.com.br\/es\/wp-content\/uploads\/sites\/3\/2023\/05\/positive-dark-skinned-young-woman-man-bump-fists-agree-be-one-team-look-happily-each-other-celebrates-completed-task-wear-pink-green-clothes-pose-indoor-have-successful-deal-scaled-1-973x649.jpg\" \/>\n<meta name=\"twitter:card\" content=\"summary_large_image\" \/>\n<meta name=\"twitter:label1\" content=\"Tiempo de lectura\" \/>\n\t<meta name=\"twitter:data1\" content=\"2 minutos\" \/>\n<script type=\"application\/ld+json\" class=\"yoast-schema-graph\">{\"@context\":\"https:\/\/schema.org\",\"@graph\":[{\"@type\":\"WebPage\",\"@id\":\"https:\/\/clam.org.br\/es\/asociaciones\/\",\"url\":\"https:\/\/clam.org.br\/es\/asociaciones\/\",\"name\":\"Asociaciones - CLAM - ES\",\"isPartOf\":{\"@id\":\"https:\/\/clam.org.br\/es\/#website\"},\"primaryImageOfPage\":{\"@id\":\"https:\/\/clam.org.br\/es\/asociaciones\/#primaryimage\"},\"image\":{\"@id\":\"https:\/\/clam.org.br\/es\/asociaciones\/#primaryimage\"},\"thumbnailUrl\":\"https:\/\/clam.org.br\/es\/wp-content\/uploads\/sites\/3\/2023\/05\/positive-dark-skinned-young-woman-man-bump-fists-agree-be-one-team-look-happily-each-other-celebrates-completed-task-wear-pink-green-clothes-pose-indoor-have-successful-deal-scaled-1-973x649.jpg\",\"datePublished\":\"2023-05-22T20:29:23+00:00\",\"dateModified\":\"2023-05-22T20:35:41+00:00\",\"breadcrumb\":{\"@id\":\"https:\/\/clam.org.br\/es\/asociaciones\/#breadcrumb\"},\"inLanguage\":\"es\",\"potentialAction\":[{\"@type\":\"ReadAction\",\"target\":[\"https:\/\/clam.org.br\/es\/asociaciones\/\"]}]},{\"@type\":\"ImageObject\",\"inLanguage\":\"es\",\"@id\":\"https:\/\/clam.org.br\/es\/asociaciones\/#primaryimage\",\"url\":\"https:\/\/clam.org.br\/es\/wp-content\/uploads\/sites\/3\/2023\/05\/positive-dark-skinned-young-woman-man-bump-fists-agree-be-one-team-look-happily-each-other-celebrates-completed-task-wear-pink-green-clothes-pose-indoor-have-successful-deal-scaled-1.jpg\",\"contentUrl\":\"https:\/\/clam.org.br\/es\/wp-content\/uploads\/sites\/3\/2023\/05\/positive-dark-skinned-young-woman-man-bump-fists-agree-be-one-team-look-happily-each-other-celebrates-completed-task-wear-pink-green-clothes-pose-indoor-have-successful-deal-scaled-1.jpg\",\"width\":2560,\"height\":1707},{\"@type\":\"BreadcrumbList\",\"@id\":\"https:\/\/clam.org.br\/es\/asociaciones\/#breadcrumb\",\"itemListElement\":[{\"@type\":\"ListItem\",\"position\":1,\"name\":\"In\u00edcio\",\"item\":\"https:\/\/clam.org.br\/es\/\"},{\"@type\":\"ListItem\",\"position\":2,\"name\":\"Asociaciones\"}]},{\"@type\":\"WebSite\",\"@id\":\"https:\/\/clam.org.br\/es\/#website\",\"url\":\"https:\/\/clam.org.br\/es\/\",\"name\":\"CLAM - ES\",\"description\":\"S\u00f3 mais um site CLAM - Centro Latino-Americano em Sexualidade e Direitos Humanos sites\",\"potentialAction\":[{\"@type\":\"SearchAction\",\"target\":{\"@type\":\"EntryPoint\",\"urlTemplate\":\"https:\/\/clam.org.br\/es\/?s={search_term_string}\"},\"query-input\":{\"@type\":\"PropertyValueSpecification\",\"valueRequired\":true,\"valueName\":\"search_term_string\"}}],\"inLanguage\":\"es\"}]}<\/script>\n<!-- \/ Yoast SEO plugin. -->","yoast_head_json":{"title":"Asociaciones - CLAM - ES","robots":{"index":"index","follow":"follow","max-snippet":"max-snippet:-1","max-image-preview":"max-image-preview:large","max-video-preview":"max-video-preview:-1"},"canonical":"https:\/\/clam.org.br\/es\/asociaciones\/","og_locale":"es_ES","og_type":"article","og_title":"Asociaciones - CLAM - ES","og_description":"Asociaciones CLAM opera a trav\u00e9s de alianzas con diversas instituciones y profesionales especializados en el campo de la sexualidad. Links ABA &#8211; ABIA &#8211; Associa\u00e7\u00e3o Brasileira Interdisciplinar de AIDSAMB &#8211; Articula\u00e7\u00e3o de Mulheres Brasileiras ANPOCS &#8211; Associa\u00e7\u00e3o Nacional de P\u00f3s-Gradua\u00e7\u00e3o e Pesquisa em Ci\u00eancias Sociais CEDES &#8211;\u00a0Centro de Estudios de Estado y Sociedad Center for Gender and Sexuality Law, Columbia Law SchoolCentro de la Mujer Peruana Flora Trist\u00e1n CEPIA &#8211; Cidadania, Estudos, Pesquisa, Informa\u00e7\u00e3o e &hellip; Asociaciones Leer m\u00e1s &raquo;","og_url":"https:\/\/clam.org.br\/es\/asociaciones\/","og_site_name":"CLAM - ES","article_modified_time":"2023-05-22T20:35:41+00:00","og_image":[{"url":"https:\/\/clam.fw2web.com.br\/es\/wp-content\/uploads\/sites\/3\/2023\/05\/positive-dark-skinned-young-woman-man-bump-fists-agree-be-one-team-look-happily-each-other-celebrates-completed-task-wear-pink-green-clothes-pose-indoor-have-successful-deal-scaled-1-973x649.jpg","type":"","width":"","height":""}],"twitter_card":"summary_large_image","twitter_misc":{"Tiempo de lectura":"2 minutos"},"schema":{"@context":"https:\/\/schema.org","@graph":[{"@type":"WebPage","@id":"https:\/\/clam.org.br\/es\/asociaciones\/","url":"https:\/\/clam.org.br\/es\/asociaciones\/","name":"Asociaciones - CLAM - ES","isPartOf":{"@id":"https:\/\/clam.org.br\/es\/#website"},"primaryImageOfPage":{"@id":"https:\/\/clam.org.br\/es\/asociaciones\/#primaryimage"},"image":{"@id":"https:\/\/clam.org.br\/es\/asociaciones\/#primaryimage"},"thumbnailUrl":"https:\/\/clam.org.br\/es\/wp-content\/uploads\/sites\/3\/2023\/05\/positive-dark-skinned-young-woman-man-bump-fists-agree-be-one-team-look-happily-each-other-celebrates-completed-task-wear-pink-green-clothes-pose-indoor-have-successful-deal-scaled-1-973x649.jpg","datePublished":"2023-05-22T20:29:23+00:00","dateModified":"2023-05-22T20:35:41+00:00","breadcrumb":{"@id":"https:\/\/clam.org.br\/es\/asociaciones\/#breadcrumb"},"inLanguage":"es","potentialAction":[{"@type":"ReadAction","target":["https:\/\/clam.org.br\/es\/asociaciones\/"]}]},{"@type":"ImageObject","inLanguage":"es","@id":"https:\/\/clam.org.br\/es\/asociaciones\/#primaryimage","url":"https:\/\/clam.org.br\/es\/wp-content\/uploads\/sites\/3\/2023\/05\/positive-dark-skinned-young-woman-man-bump-fists-agree-be-one-team-look-happily-each-other-celebrates-completed-task-wear-pink-green-clothes-pose-indoor-have-successful-deal-scaled-1.jpg","contentUrl":"https:\/\/clam.org.br\/es\/wp-content\/uploads\/sites\/3\/2023\/05\/positive-dark-skinned-young-woman-man-bump-fists-agree-be-one-team-look-happily-each-other-celebrates-completed-task-wear-pink-green-clothes-pose-indoor-have-successful-deal-scaled-1.jpg","width":2560,"height":1707},{"@type":"BreadcrumbList","@id":"https:\/\/clam.org.br\/es\/asociaciones\/#breadcrumb","itemListElement":[{"@type":"ListItem","position":1,"name":"In\u00edcio","item":"https:\/\/clam.org.br\/es\/"},{"@type":"ListItem","position":2,"name":"Asociaciones"}]},{"@type":"WebSite","@id":"https:\/\/clam.org.br\/es\/#website","url":"https:\/\/clam.org.br\/es\/","name":"CLAM - ES","description":"S\u00f3 mais um site CLAM - Centro Latino-Americano em Sexualidade e Direitos Humanos sites","potentialAction":[{"@type":"SearchAction","target":{"@type":"EntryPoint","urlTemplate":"https:\/\/clam.org.br\/es\/?s={search_term_string}"},"query-input":{"@type":"PropertyValueSpecification","valueRequired":true,"valueName":"search_term_string"}}],"inLanguage":"es"}]}},"jetpack_sharing_enabled":true,"_links":{"self":[{"href":"https:\/\/clam.org.br\/es\/wp-json\/wp\/v2\/pages\/145","targetHints":{"allow":["GET"]}}],"collection":[{"href":"https:\/\/clam.org.br\/es\/wp-json\/wp\/v2\/pages"}],"about":[{"href":"https:\/\/clam.org.br\/es\/wp-json\/wp\/v2\/types\/page"}],"author":[{"embeddable":true,"href":"https:\/\/clam.org.br\/es\/wp-json\/wp\/v2\/users\/1"}],"replies":[{"embeddable":true,"href":"https:\/\/clam.org.br\/es\/wp-json\/wp\/v2\/comments?post=145"}],"version-history":[{"count":10,"href":"https:\/\/clam.org.br\/es\/wp-json\/wp\/v2\/pages\/145\/revisions"}],"predecessor-version":[{"id":163,"href":"https:\/\/clam.org.br\/es\/wp-json\/wp\/v2\/pages\/145\/revisions\/163"}],"wp:attachment":[{"href":"https:\/\/clam.org.br\/es\/wp-json\/wp\/v2\/media?parent=145"}],"curies":[{"name":"wp","href":"https:\/\/api.w.org\/{rel}","templated":true}]}}